{"id":132,"date":"2023-08-30T12:25:00","date_gmt":"2023-08-30T15:25:00","guid":{"rendered":"https:\/\/engenhofazendavelha.com.br\/lojavirtual\/?page_id=132"},"modified":"2023-09-01T15:52:05","modified_gmt":"2023-09-01T18:52:05","slug":"politica-de-troca-e-devolucoes","status":"publish","type":"page","link":"https:\/\/engenhofazendavelha.com.br\/lojavirtual\/politica-de-troca-e-devolucoes\/","title":{"rendered":"Pol\u00edtica de Troca e Devolu\u00e7\u00f5es"},"content":{"rendered":"<h4>POL\u00cdTICA DE TROCA, DEVOLU\u00c7\u00c3O E ARREPENDIMENTO<\/h4>\n<p>A Engenho Fazenda Velha Importa\u00e7\u00e3o E Exporta\u00e7\u00e3o Ltda utiliza tecnologia de ponta para a fabrica\u00e7\u00e3o de seus produtos, primando pela qualidade e satisfa\u00e7\u00e3o de seus clientes. Pelo respeito e para que seja mantida a credibilidade conquistada junto aos seus consumidores, a empresa criou uma pol\u00edtica de troca e devolu\u00e7\u00e3o de acordo com o C\u00f3digo de Defesa do Consumidor, e preocupada para que voc\u00ea (cliente) obtenha uma negocia\u00e7\u00e3o eficaz, \u00e1gil e principalmente satisfat\u00f3ria.<\/p>\n<p>Caso opte pelo contato via correio eletr\u00f4nico ou telef\u00f4nico, ser\u00e1 encaminhado a voc\u00ea o formul\u00e1rio para preenchimento e envio junto \u00e0(s) pe\u00e7a(s). O produto devolvido sem esse formul\u00e1rio e\/ou sem a comunica\u00e7\u00e3o ao SAC ser\u00e1 reenviado sem consulta pr\u00e9via.<\/p>\n<p>Ao efetuar o processo de devolu\u00e7\u00e3o\/troca o cliente dever\u00e1 no verso da nota fiscal a ser devolvida\/trocada, informar o motivo da devolu\u00e7\u00e3o\/troca, o nome de quem est\u00e1 devolvendo, CPF e a data da devolu\u00e7\u00e3o.<\/p>\n<p><strong>*ATEN\u00c7\u00c3O:<\/strong>\u00a0Para efetuar o processo de troca \u00e9 necess\u00e1rio estar logado. Devolu\u00e7\u00e3o por Arrependimento\/Desist\u00eancia Se ao receber o produto, voc\u00ea resolver devolv\u00ea-lo por arrependimento, dever\u00e1 faz\u00ea-lo em at\u00e9 sete dias corridos, a contar da data de recebimento.<\/p>\n<p>Observando as seguintes condi\u00e7\u00f5es: O produto n\u00e3o poder\u00e1 ter ind\u00edcios de uso.<\/p>\n<p>O produto dever\u00e1 ser encaminhado preferencialmente na embalagem original, acompanhado de nota fiscal, etiquetas, tags (etiqueta com c\u00f3digo de refer\u00eancia do produto) devidamente fixada no produto e todos os seus acess\u00f3rios.<\/p>\n<p>Ao efetuar o processo de devolu\u00e7\u00e3o o cliente dever\u00e1 no verso da nota fiscal a ser devolvida, informar o motivo da recusa\/devolu\u00e7\u00e3o, o nome de quem est\u00e1 devolvendo, CPF e a data da devolu\u00e7\u00e3o.<\/p>\n","protected":false},"excerpt":{"rendered":"<p>POL\u00cdTICA DE TROCA, DEVOLU\u00c7\u00c3O E ARREPENDIMENTO A Engenho Fazenda Velha Importa\u00e7\u00e3o E Exporta\u00e7\u00e3o Ltda utiliza tecnologia de ponta para a<\/p>\n","protected":false},"author":2,"featured_media":0,"parent":0,"menu_order":0,"comment_status":"closed","ping_status":"closed","template":"","meta":{"_joinchat":[],"footnotes":""},"class_list":["post-132","page","type-page","status-publish","hentry"],"_links":{"self":[{"href":"https:\/\/engenhofazendavelha.com.br\/lojavirtual\/wp-json\/wp\/v2\/pages\/132","targetHints":{"allow":["GET"]}}],"collection":[{"href":"https:\/\/engenhofazendavelha.com.br\/lojavirtual\/wp-json\/wp\/v2\/pages"}],"about":[{"href":"https:\/\/engenhofazendavelha.com.br\/lojavirtual\/wp-json\/wp\/v2\/types\/page"}],"author":[{"embeddable":true,"href":"https:\/\/engenhofazendavelha.com.br\/lojavirtual\/wp-json\/wp\/v2\/users\/2"}],"replies":[{"embeddable":true,"href":"https:\/\/engenhofazendavelha.com.br\/lojavirtual\/wp-json\/wp\/v2\/comments?post=132"}],"version-history":[{"count":3,"href":"https:\/\/engenhofazendavelha.com.br\/lojavirtual\/wp-json\/wp\/v2\/pages\/132\/revisions"}],"predecessor-version":[{"id":145,"href":"https:\/\/engenhofazendavelha.com.br\/lojavirtual\/wp-json\/wp\/v2\/pages\/132\/revisions\/145"}],"wp:attachment":[{"href":"https:\/\/engenhofazendavelha.com.br\/lojavirtual\/wp-json\/wp\/v2\/media?parent=132"}],"curies":[{"name":"wp","href":"https:\/\/api.w.org\/{rel}","templated":true}]}}