{"id":14,"date":"2023-08-25T11:53:10","date_gmt":"2023-08-25T14:53:10","guid":{"rendered":"https:\/\/engenhofazendavelha.com.br\/lojavirtual\/?page_id=14"},"modified":"2023-08-25T16:18:34","modified_gmt":"2023-08-25T19:18:34","slug":"empresa","status":"publish","type":"page","link":"https:\/\/engenhofazendavelha.com.br\/lojavirtual\/empresa\/","title":{"rendered":"Empresa"},"content":{"rendered":"\t\t<div data-elementor-type=\"wp-page\" data-elementor-id=\"14\" class=\"elementor elementor-14\" data-elementor-post-type=\"page\">\n\t\t\t\t\t\t<section class=\"elementor-section elementor-top-section elementor-element elementor-element-86fa55e elementor-section-boxed elementor-section-height-default elementor-section-height-default wd-section-disabled\" data-id=\"86fa55e\" data-element_type=\"section\" data-e-type=\"section\">\n\t\t\t\t\t\t<div class=\"elementor-container elementor-column-gap-default\">\n\t\t\t\t\t<div class=\"elementor-column elementor-col-50 elementor-top-column elementor-element elementor-element-075b8c3\" data-id=\"075b8c3\" data-element_type=\"column\" data-e-type=\"column\">\n\t\t\t<div class=\"elementor-widget-wrap elementor-element-populated\">\n\t\t\t\t\t\t<div class=\"elementor-element elementor-element-bac1c66 elementor-widget elementor-widget-wd_text_block\" data-id=\"bac1c66\" data-element_type=\"widget\" data-e-type=\"widget\" data-widget_type=\"wd_text_block.default\">\n\t\t\t\t<div class=\"elementor-widget-container\">\n\t\t\t\t\t\t\t<div class=\"wd-text-block reset-last-child text-left\">\n\t\t\t\n\t\t\t<h2>Engenho Fazenda Velha<\/h2><p>O conhecimento e admira\u00e7\u00e3o por destilados nasceu na It\u00e1lia em 1888, onde o imigrante italiano Giovanni Vicenzo Maria Polacchini e fam\u00edlia embarcaram no Vapor San Giorgio com destino ao Brasil. Av\u00f4 de nosso fundador Vicente Paulo Polacchini, Giovanni era produtor de grappa, com estes conhecimentos, ele o adaptou para a produ\u00e7\u00e3o de cacha\u00e7a de cana de a\u00e7\u00facar. Desde 1.988, o Sr. Vicente foi aperfei\u00e7oando e profissionalizando estes conhecimentos, em 2.016 inicia-se a produ\u00e7\u00e3o da Boa e Velha Cacha\u00e7a Engenho Fazenda Velha, agora em um alambique moderno, sustent\u00e1vel com produtos prontos e aprovados para distribui\u00e7\u00e3o global.<\/p>\n\t\t\t\t\t<\/div>\n\t\t\t\t\t\t<\/div>\n\t\t\t\t<\/div>\n\t\t\t\t\t<\/div>\n\t\t<\/div>\n\t\t\t\t<div class=\"elementor-column elementor-col-50 elementor-top-column elementor-element elementor-element-f16d705\" data-id=\"f16d705\" data-element_type=\"column\" data-e-type=\"column\">\n\t\t\t<div class=\"elementor-widget-wrap elementor-element-populated\">\n\t\t\t\t\t\t<div class=\"elementor-element elementor-element-673041c elementor-arrows-position-inside elementor-widget elementor-widget-image-carousel\" data-id=\"673041c\" data-element_type=\"widget\" data-e-type=\"widget\" data-settings=\"{&quot;slides_to_show&quot;:&quot;1&quot;,&quot;navigation&quot;:&quot;arrows&quot;,&quot;pause_on_hover&quot;:&quot;no&quot;,&quot;speed&quot;:2000,&quot;autoplay&quot;:&quot;yes&quot;,&quot;pause_on_interaction&quot;:&quot;yes&quot;,&quot;autoplay_speed&quot;:5000,&quot;infinite&quot;:&quot;yes&quot;,&quot;effect&quot;:&quot;slide&quot;}\" data-widget_type=\"image-carousel.default\">\n\t\t\t\t<div class=\"elementor-widget-container\">\n\t\t\t\t\t\t\t<div class=\"elementor-image-carousel-wrapper swiper\" role=\"region\" aria-roledescription=\"carousel\" aria-label=\"Carrossel de imagens\" dir=\"ltr\">\n\t\t\t<div class=\"elementor-image-carousel swiper-wrapper\" aria-live=\"off\">\n\t\t\t\t\t\t\t\t<div class=\"swiper-slide\" role=\"group\" aria-roledescription=\"slide\" aria-label=\"1 de 7\"><figure class=\"swiper-slide-inner\"><img decoding=\"async\" class=\"swiper-slide-image\" src=\"https:\/\/engenhofazendavelha.com.br\/lojavirtual\/wp-content\/uploads\/2023\/08\/imagem_2023-08-25_115522222.png\" alt=\"imagem_2023-08-25_115522222\" \/><\/figure><\/div><div class=\"swiper-slide\" role=\"group\" aria-roledescription=\"slide\" aria-label=\"2 de 7\"><figure class=\"swiper-slide-inner\"><img decoding=\"async\" class=\"swiper-slide-image\" src=\"https:\/\/engenhofazendavelha.com.br\/lojavirtual\/wp-content\/uploads\/2023\/08\/imagem_2023-08-25_115534108.png\" alt=\"imagem_2023-08-25_115534108\" \/><\/figure><\/div><div class=\"swiper-slide\" role=\"group\" aria-roledescription=\"slide\" aria-label=\"3 de 7\"><figure class=\"swiper-slide-inner\"><img decoding=\"async\" class=\"swiper-slide-image\" src=\"https:\/\/engenhofazendavelha.com.br\/lojavirtual\/wp-content\/uploads\/2023\/08\/imagem_2023-08-25_115542648.png\" alt=\"imagem_2023-08-25_115542648\" \/><\/figure><\/div><div class=\"swiper-slide\" role=\"group\" aria-roledescription=\"slide\" aria-label=\"4 de 7\"><figure class=\"swiper-slide-inner\"><img decoding=\"async\" class=\"swiper-slide-image\" src=\"https:\/\/engenhofazendavelha.com.br\/lojavirtual\/wp-content\/uploads\/2023\/08\/imagem_2023-08-25_115548783.png\" alt=\"imagem_2023-08-25_115548783\" \/><\/figure><\/div><div class=\"swiper-slide\" role=\"group\" aria-roledescription=\"slide\" aria-label=\"5 de 7\"><figure class=\"swiper-slide-inner\"><img decoding=\"async\" class=\"swiper-slide-image\" src=\"https:\/\/engenhofazendavelha.com.br\/lojavirtual\/wp-content\/uploads\/2023\/08\/imagem_2023-08-25_115556185.png\" alt=\"imagem_2023-08-25_115556185\" \/><\/figure><\/div><div class=\"swiper-slide\" role=\"group\" aria-roledescription=\"slide\" aria-label=\"6 de 7\"><figure class=\"swiper-slide-inner\"><img decoding=\"async\" class=\"swiper-slide-image\" src=\"https:\/\/engenhofazendavelha.com.br\/lojavirtual\/wp-content\/uploads\/2023\/08\/imagem_2023-08-25_115602350.png\" alt=\"imagem_2023-08-25_115602350\" \/><\/figure><\/div><div class=\"swiper-slide\" role=\"group\" aria-roledescription=\"slide\" aria-label=\"7 de 7\"><figure class=\"swiper-slide-inner\"><img decoding=\"async\" class=\"swiper-slide-image\" src=\"https:\/\/engenhofazendavelha.com.br\/lojavirtual\/wp-content\/uploads\/2023\/08\/imagem_2023-08-25_115610613.png\" alt=\"imagem_2023-08-25_115610613\" \/><\/figure><\/div>\t\t\t<\/div>\n\t\t\t\t\t\t\t\t\t\t\t\t<div class=\"elementor-swiper-button elementor-swiper-button-prev\" role=\"button\" tabindex=\"0\">\n\t\t\t\t\t\t<i aria-hidden=\"true\" class=\"eicon-chevron-left\"><\/i>\t\t\t\t\t<\/div>\n\t\t\t\t\t<div class=\"elementor-swiper-button elementor-swiper-button-next\" role=\"button\" tabindex=\"0\">\n\t\t\t\t\t\t<i aria-hidden=\"true\" class=\"eicon-chevron-right\"><\/i>\t\t\t\t\t<\/div>\n\t\t\t\t\n\t\t\t\t\t\t\t\t\t<\/div>\n\t\t\t\t\t\t<\/div>\n\t\t\t\t<\/div>\n\t\t\t\t\t<\/div>\n\t\t<\/div>\n\t\t\t\t\t<\/div>\n\t\t<\/section>\n\t\t\t\t<\/div>\n\t\t","protected":false},"excerpt":{"rendered":"<p>Engenho Fazenda Velha O conhecimento e admira\u00e7\u00e3o por destilados nasceu na It\u00e1lia em 1888, onde o imigrante italiano Giovanni Vicenzo<\/p>\n","protected":false},"author":2,"featured_media":0,"parent":0,"menu_order":0,"comment_status":"closed","ping_status":"closed","template":"","meta":{"_joinchat":[],"footnotes":""},"class_list":["post-14","page","type-page","status-publish","hentry"],"_links":{"self":[{"href":"https:\/\/engenhofazendavelha.com.br\/lojavirtual\/wp-json\/wp\/v2\/pages\/14","targetHints":{"allow":["GET"]}}],"collection":[{"href":"https:\/\/engenhofazendavelha.com.br\/lojavirtual\/wp-json\/wp\/v2\/pages"}],"about":[{"href":"https:\/\/engenhofazendavelha.com.br\/lojavirtual\/wp-json\/wp\/v2\/types\/page"}],"author":[{"embeddable":true,"href":"https:\/\/engenhofazendavelha.com.br\/lojavirtual\/wp-json\/wp\/v2\/users\/2"}],"replies":[{"embeddable":true,"href":"https:\/\/engenhofazendavelha.com.br\/lojavirtual\/wp-json\/wp\/v2\/comments?post=14"}],"version-history":[{"count":8,"href":"https:\/\/engenhofazendavelha.com.br\/lojavirtual\/wp-json\/wp\/v2\/pages\/14\/revisions"}],"predecessor-version":[{"id":90,"href":"https:\/\/engenhofazendavelha.com.br\/lojavirtual\/wp-json\/wp\/v2\/pages\/14\/revisions\/90"}],"wp:attachment":[{"href":"https:\/\/engenhofazendavelha.com.br\/lojavirtual\/wp-json\/wp\/v2\/media?parent=14"}],"curies":[{"name":"wp","href":"https:\/\/api.w.org\/{rel}","templated":true}]}}