{"id":114,"date":"2023-08-25T17:11:53","date_gmt":"2023-08-25T20:11:53","guid":{"rendered":"https:\/\/engenhofazendavelha.com.br\/lojavirtual\/?post_type=product&#038;p=114"},"modified":"2025-12-16T12:27:58","modified_gmt":"2025-12-16T15:27:58","slug":"cachaca-prata","status":"publish","type":"product","link":"https:\/\/engenhofazendavelha.com.br\/lojavirtual\/produto\/cachaca-prata\/","title":{"rendered":"Cacha\u00e7a Prata"},"content":{"rendered":"<p>Entre em contato conosco (19) 98609 \u2013 0002<\/p>\n<p>Em 2015 ganhou o 3\u00b0 lugar no Concurso de Qualidade da Cacha\u00e7a pela UNESP Araraquara.<\/p>\n<p>Cacha\u00e7a Prata descansada em recipiente de a\u00e7o in\u00f3x posteriormente engarrafada, teor alco\u00f3lico 39%.<\/p>\n","protected":false},"excerpt":{"rendered":"<p>Entre em contato conosco (19) 98609 \u2013 0002 Em 2015 ganhou o 3\u00b0 lugar no Concurso de Qualidade da Cacha\u00e7a<\/p>\n","protected":false},"featured_media":140,"comment_status":"open","ping_status":"closed","template":"","meta":{"_joinchat":[]},"product_brand":[],"product_cat":[19,18],"product_tag":[],"class_list":{"0":"post-114","1":"product","2":"type-product","3":"status-publish","4":"has-post-thumbnail","6":"product_cat-cachaca","7":"product_cat-diversos","9":"first","10":"instock","11":"taxable","12":"shipping-taxable","13":"purchasable","14":"product-type-simple"},"_links":{"self":[{"href":"https:\/\/engenhofazendavelha.com.br\/lojavirtual\/wp-json\/wp\/v2\/product\/114","targetHints":{"allow":["GET"]}}],"collection":[{"href":"https:\/\/engenhofazendavelha.com.br\/lojavirtual\/wp-json\/wp\/v2\/product"}],"about":[{"href":"https:\/\/engenhofazendavelha.com.br\/lojavirtual\/wp-json\/wp\/v2\/types\/product"}],"replies":[{"embeddable":true,"href":"https:\/\/engenhofazendavelha.com.br\/lojavirtual\/wp-json\/wp\/v2\/comments?post=114"}],"wp:featuredmedia":[{"embeddable":true,"href":"https:\/\/engenhofazendavelha.com.br\/lojavirtual\/wp-json\/wp\/v2\/media\/140"}],"wp:attachment":[{"href":"https:\/\/engenhofazendavelha.com.br\/lojavirtual\/wp-json\/wp\/v2\/media?parent=114"}],"wp:term":[{"taxonomy":"product_brand","embeddable":true,"href":"https:\/\/engenhofazendavelha.com.br\/lojavirtual\/wp-json\/wp\/v2\/product_brand?post=114"},{"taxonomy":"product_cat","embeddable":true,"href":"https:\/\/engenhofazendavelha.com.br\/lojavirtual\/wp-json\/wp\/v2\/product_cat?post=114"},{"taxonomy":"product_tag","embeddable":true,"href":"https:\/\/engenhofazendavelha.com.br\/lojavirtual\/wp-json\/wp\/v2\/product_tag?post=114"}],"curies":[{"name":"wp","href":"https:\/\/api.w.org\/{rel}","templated":true}]}}