{"id":202,"date":"2024-02-09T11:00:25","date_gmt":"2024-02-09T14:00:25","guid":{"rendered":"https:\/\/engenhofazendavelha.com.br\/lojavirtual\/?post_type=product&#038;p=202"},"modified":"2025-12-16T12:25:18","modified_gmt":"2025-12-16T15:25:18","slug":"kit-carvalho-amburana-e-prata","status":"publish","type":"product","link":"https:\/\/engenhofazendavelha.com.br\/lojavirtual\/produto\/kit-carvalho-amburana-e-prata\/","title":{"rendered":"Kit Carvalho\/Amburana e Prata"},"content":{"rendered":"<p>Entre em contato conosco (19) 98609 \u2013 0002<\/p>\n<p>01 Cacha\u00e7a Carvalho\/Amburana descansada em ton\u00e9is de carvalho e amburana, teor alco\u00f3lico 40% .<\/p>\n<p>01 Cacha\u00e7a Prata descansada em recipiente de a\u00e7o in\u00f3x posteriormente engarrafada, teor alco\u00f3lico 39%.<\/p>\n","protected":false},"excerpt":{"rendered":"<p>Entre em contato conosco (19) 98609 \u2013 0002 01 Cacha\u00e7a Carvalho\/Amburana descansada em ton\u00e9is de carvalho e amburana, teor alco\u00f3lico<\/p>\n","protected":false},"featured_media":201,"comment_status":"open","ping_status":"closed","template":"","meta":{"_joinchat":[]},"product_brand":[],"product_cat":[19,18],"product_tag":[],"class_list":{"0":"post-202","1":"product","2":"type-product","3":"status-publish","4":"has-post-thumbnail","6":"product_cat-cachaca","7":"product_cat-diversos","9":"first","10":"instock","11":"taxable","12":"shipping-taxable","13":"purchasable","14":"product-type-simple"},"_links":{"self":[{"href":"https:\/\/engenhofazendavelha.com.br\/lojavirtual\/wp-json\/wp\/v2\/product\/202","targetHints":{"allow":["GET"]}}],"collection":[{"href":"https:\/\/engenhofazendavelha.com.br\/lojavirtual\/wp-json\/wp\/v2\/product"}],"about":[{"href":"https:\/\/engenhofazendavelha.com.br\/lojavirtual\/wp-json\/wp\/v2\/types\/product"}],"replies":[{"embeddable":true,"href":"https:\/\/engenhofazendavelha.com.br\/lojavirtual\/wp-json\/wp\/v2\/comments?post=202"}],"wp:featuredmedia":[{"embeddable":true,"href":"https:\/\/engenhofazendavelha.com.br\/lojavirtual\/wp-json\/wp\/v2\/media\/201"}],"wp:attachment":[{"href":"https:\/\/engenhofazendavelha.com.br\/lojavirtual\/wp-json\/wp\/v2\/media?parent=202"}],"wp:term":[{"taxonomy":"product_brand","embeddable":true,"href":"https:\/\/engenhofazendavelha.com.br\/lojavirtual\/wp-json\/wp\/v2\/product_brand?post=202"},{"taxonomy":"product_cat","embeddable":true,"href":"https:\/\/engenhofazendavelha.com.br\/lojavirtual\/wp-json\/wp\/v2\/product_cat?post=202"},{"taxonomy":"product_tag","embeddable":true,"href":"https:\/\/engenhofazendavelha.com.br\/lojavirtual\/wp-json\/wp\/v2\/product_tag?post=202"}],"curies":[{"name":"wp","href":"https:\/\/api.w.org\/{rel}","templated":true}]}}