{"id":203,"date":"2024-02-09T11:48:06","date_gmt":"2024-02-09T14:48:06","guid":{"rendered":"https:\/\/engenhofazendavelha.com.br\/lojavirtual\/?post_type=product&#038;p=203"},"modified":"2025-12-16T12:24:25","modified_gmt":"2025-12-16T15:24:25","slug":"kit-06-garrafas-prata","status":"publish","type":"product","link":"https:\/\/engenhofazendavelha.com.br\/lojavirtual\/produto\/kit-06-garrafas-prata\/","title":{"rendered":"Kit 06 garrafas Prata"},"content":{"rendered":"<p>Entre em contato conosco (19) 98609 \u2013 0002<\/p>\n<p>06 Cacha\u00e7as Prata descansadas em recipiente de a\u00e7o in\u00f3x posteriormente engarrafada, teor alco\u00f3lico 39%.<\/p>\n","protected":false},"excerpt":{"rendered":"<p>Entre em contato conosco (19) 98609 \u2013 0002 06 Cacha\u00e7as Prata descansadas em recipiente de a\u00e7o in\u00f3x posteriormente engarrafada, teor<\/p>\n","protected":false},"featured_media":226,"comment_status":"open","ping_status":"closed","template":"","meta":{"_joinchat":[]},"product_brand":[],"product_cat":[19,18],"product_tag":[],"class_list":{"0":"post-203","1":"product","2":"type-product","3":"status-publish","4":"has-post-thumbnail","6":"product_cat-cachaca","7":"product_cat-diversos","9":"first","10":"instock","11":"taxable","12":"shipping-taxable","13":"purchasable","14":"product-type-simple"},"_links":{"self":[{"href":"https:\/\/engenhofazendavelha.com.br\/lojavirtual\/wp-json\/wp\/v2\/product\/203","targetHints":{"allow":["GET"]}}],"collection":[{"href":"https:\/\/engenhofazendavelha.com.br\/lojavirtual\/wp-json\/wp\/v2\/product"}],"about":[{"href":"https:\/\/engenhofazendavelha.com.br\/lojavirtual\/wp-json\/wp\/v2\/types\/product"}],"replies":[{"embeddable":true,"href":"https:\/\/engenhofazendavelha.com.br\/lojavirtual\/wp-json\/wp\/v2\/comments?post=203"}],"wp:featuredmedia":[{"embeddable":true,"href":"https:\/\/engenhofazendavelha.com.br\/lojavirtual\/wp-json\/wp\/v2\/media\/226"}],"wp:attachment":[{"href":"https:\/\/engenhofazendavelha.com.br\/lojavirtual\/wp-json\/wp\/v2\/media?parent=203"}],"wp:term":[{"taxonomy":"product_brand","embeddable":true,"href":"https:\/\/engenhofazendavelha.com.br\/lojavirtual\/wp-json\/wp\/v2\/product_brand?post=203"},{"taxonomy":"product_cat","embeddable":true,"href":"https:\/\/engenhofazendavelha.com.br\/lojavirtual\/wp-json\/wp\/v2\/product_cat?post=203"},{"taxonomy":"product_tag","embeddable":true,"href":"https:\/\/engenhofazendavelha.com.br\/lojavirtual\/wp-json\/wp\/v2\/product_tag?post=203"}],"curies":[{"name":"wp","href":"https:\/\/api.w.org\/{rel}","templated":true}]}}