{"id":209,"date":"2024-02-09T11:59:12","date_gmt":"2024-02-09T14:59:12","guid":{"rendered":"https:\/\/engenhofazendavelha.com.br\/lojavirtual\/?post_type=product&#038;p=209"},"modified":"2025-12-16T12:23:18","modified_gmt":"2025-12-16T15:23:18","slug":"kit-02-garrafas-de-cada-rotulo","status":"publish","type":"product","link":"https:\/\/engenhofazendavelha.com.br\/lojavirtual\/produto\/kit-02-garrafas-de-cada-rotulo\/","title":{"rendered":"Kit 02 garrafas de cada r\u00f3tulo"},"content":{"rendered":"<p>Entre em contato conosco (19) 98609 \u2013 0002<\/p>\n<p>02 Cacha\u00e7as Prata descansadas em recipiente de a\u00e7o in\u00f3x posteriormente engarrafada, teor alco\u00f3lico 39%.<\/p>\n<p>02 Cacha\u00e7as Carvalho\/Amburana descansadas em ton\u00e9is de carvalho e amburana, teor alco\u00f3lico 40% .<\/p>\n<p>02 Cacha\u00e7as Ouro envelhecidas e armazenada em ton\u00e9is de jequitib\u00e1 e carvalho, teor alco\u00f3lico 39% .<\/p>\n","protected":false},"excerpt":{"rendered":"<p>Entre em contato conosco (19) 98609 \u2013 0002 02 Cacha\u00e7as Prata descansadas em recipiente de a\u00e7o in\u00f3x posteriormente engarrafada, teor<\/p>\n","protected":false},"featured_media":210,"comment_status":"open","ping_status":"closed","template":"","meta":{"_joinchat":[]},"product_brand":[],"product_cat":[19,18],"product_tag":[],"class_list":{"0":"post-209","1":"product","2":"type-product","3":"status-publish","4":"has-post-thumbnail","6":"product_cat-cachaca","7":"product_cat-diversos","9":"first","10":"instock","11":"taxable","12":"shipping-taxable","13":"purchasable","14":"product-type-simple"},"_links":{"self":[{"href":"https:\/\/engenhofazendavelha.com.br\/lojavirtual\/wp-json\/wp\/v2\/product\/209","targetHints":{"allow":["GET"]}}],"collection":[{"href":"https:\/\/engenhofazendavelha.com.br\/lojavirtual\/wp-json\/wp\/v2\/product"}],"about":[{"href":"https:\/\/engenhofazendavelha.com.br\/lojavirtual\/wp-json\/wp\/v2\/types\/product"}],"replies":[{"embeddable":true,"href":"https:\/\/engenhofazendavelha.com.br\/lojavirtual\/wp-json\/wp\/v2\/comments?post=209"}],"wp:featuredmedia":[{"embeddable":true,"href":"https:\/\/engenhofazendavelha.com.br\/lojavirtual\/wp-json\/wp\/v2\/media\/210"}],"wp:attachment":[{"href":"https:\/\/engenhofazendavelha.com.br\/lojavirtual\/wp-json\/wp\/v2\/media?parent=209"}],"wp:term":[{"taxonomy":"product_brand","embeddable":true,"href":"https:\/\/engenhofazendavelha.com.br\/lojavirtual\/wp-json\/wp\/v2\/product_brand?post=209"},{"taxonomy":"product_cat","embeddable":true,"href":"https:\/\/engenhofazendavelha.com.br\/lojavirtual\/wp-json\/wp\/v2\/product_cat?post=209"},{"taxonomy":"product_tag","embeddable":true,"href":"https:\/\/engenhofazendavelha.com.br\/lojavirtual\/wp-json\/wp\/v2\/product_tag?post=209"}],"curies":[{"name":"wp","href":"https:\/\/api.w.org\/{rel}","templated":true}]}}