{"id":217,"date":"2024-02-09T12:22:11","date_gmt":"2024-02-09T15:22:11","guid":{"rendered":"https:\/\/engenhofazendavelha.com.br\/lojavirtual\/?post_type=product&#038;p=217"},"modified":"2025-12-16T12:21:34","modified_gmt":"2025-12-16T15:21:34","slug":"kit-ouro-e-carvalho-amburana","status":"publish","type":"product","link":"https:\/\/engenhofazendavelha.com.br\/lojavirtual\/produto\/kit-ouro-e-carvalho-amburana\/","title":{"rendered":"Kit Ouro e Carvalho\/Amburana"},"content":{"rendered":"<p>Entre em contato conosco (19) 98609 \u2013 0002<\/p>\n<p>01 Cacha\u00e7a Ouro envelhecida e armazenada em ton\u00e9is de jequitib\u00e1 e carvalho, teor alco\u00f3lico 39% .<\/p>\n<p>01 Cacha\u00e7a Carvalho\/Amburana descansada em ton\u00e9is de carvalho e amburana, teor alco\u00f3lico 40% .<\/p>\n","protected":false},"excerpt":{"rendered":"<p>Entre em contato conosco (19) 98609 \u2013 0002 01 Cacha\u00e7a Ouro envelhecida e armazenada em ton\u00e9is de jequitib\u00e1 e carvalho,<\/p>\n","protected":false},"featured_media":219,"comment_status":"open","ping_status":"closed","template":"","meta":{"_joinchat":[]},"product_brand":[],"product_cat":[19,18],"product_tag":[],"class_list":{"0":"post-217","1":"product","2":"type-product","3":"status-publish","4":"has-post-thumbnail","6":"product_cat-cachaca","7":"product_cat-diversos","9":"first","10":"instock","11":"taxable","12":"shipping-taxable","13":"purchasable","14":"product-type-simple"},"_links":{"self":[{"href":"https:\/\/engenhofazendavelha.com.br\/lojavirtual\/wp-json\/wp\/v2\/product\/217","targetHints":{"allow":["GET"]}}],"collection":[{"href":"https:\/\/engenhofazendavelha.com.br\/lojavirtual\/wp-json\/wp\/v2\/product"}],"about":[{"href":"https:\/\/engenhofazendavelha.com.br\/lojavirtual\/wp-json\/wp\/v2\/types\/product"}],"replies":[{"embeddable":true,"href":"https:\/\/engenhofazendavelha.com.br\/lojavirtual\/wp-json\/wp\/v2\/comments?post=217"}],"wp:featuredmedia":[{"embeddable":true,"href":"https:\/\/engenhofazendavelha.com.br\/lojavirtual\/wp-json\/wp\/v2\/media\/219"}],"wp:attachment":[{"href":"https:\/\/engenhofazendavelha.com.br\/lojavirtual\/wp-json\/wp\/v2\/media?parent=217"}],"wp:term":[{"taxonomy":"product_brand","embeddable":true,"href":"https:\/\/engenhofazendavelha.com.br\/lojavirtual\/wp-json\/wp\/v2\/product_brand?post=217"},{"taxonomy":"product_cat","embeddable":true,"href":"https:\/\/engenhofazendavelha.com.br\/lojavirtual\/wp-json\/wp\/v2\/product_cat?post=217"},{"taxonomy":"product_tag","embeddable":true,"href":"https:\/\/engenhofazendavelha.com.br\/lojavirtual\/wp-json\/wp\/v2\/product_tag?post=217"}],"curies":[{"name":"wp","href":"https:\/\/api.w.org\/{rel}","templated":true}]}}